{"id":51,"date":"2026-01-08T23:07:30","date_gmt":"2026-01-08T23:07:30","guid":{"rendered":"https:\/\/ld24.eu\/?page_id=51"},"modified":"2026-02-04T23:34:23","modified_gmt":"2026-02-04T23:34:23","slug":"ld24-eu","status":"publish","type":"page","link":"https:\/\/ld24.eu\/","title":{"rendered":"LD24.eu"},"content":{"rendered":"\n<h1 class=\"wp-block-heading\">Die Basis: LD24.EU<\/h1>\n\n\n\n<p>LD24.EU stellt die Basisdomain f\u00fcr meine Webseiten bereit.<\/p>\n\n\n\n<div class=\"wp-block-columns is-layout-flex wp-container-core-columns-is-layout-9d6595d7 wp-block-columns-is-layout-flex\">\n<div class=\"wp-block-column is-layout-flow wp-block-column-is-layout-flow\">\n<figure class=\"wp-block-image size-large\"><img loading=\"lazy\" decoding=\"async\" width=\"1024\" height=\"779\" src=\"https:\/\/ld24.eu\/wp-content\/uploads\/2026\/02\/gustifyscreenshot-1024x779.png\" alt=\"\" class=\"wp-image-73\" srcset=\"https:\/\/ld24.eu\/wp-content\/uploads\/2026\/02\/gustifyscreenshot-1024x779.png 1024w, https:\/\/ld24.eu\/wp-content\/uploads\/2026\/02\/gustifyscreenshot-300x228.png 300w, https:\/\/ld24.eu\/wp-content\/uploads\/2026\/02\/gustifyscreenshot-768x584.png 768w, https:\/\/ld24.eu\/wp-content\/uploads\/2026\/02\/gustifyscreenshot.png 1398w\" sizes=\"auto, (max-width: 1024px) 100vw, 1024px\" \/><\/figure>\n\n\n\n<p><a href=\"https:\/\/gustify.eu\">Gustify &#8211; Echt kochen. Einfach genie\u00dfen.<\/a><\/p>\n\n\n\n<p>Rezepte &amp; K\u00fcchenwissen<br>Ideal f\u00fcr Hobbyk\u00f6che\/innen<\/p>\n\n\n\n<p><br><\/p>\n<\/div>\n\n\n\n<div class=\"wp-block-column is-layout-flow wp-block-column-is-layout-flow\">\n<figure class=\"wp-block-image size-large\"><a href=\"https:\/\/garten.ld24.eu\"><img loading=\"lazy\" decoding=\"async\" width=\"1024\" height=\"336\" src=\"https:\/\/ld24.eu\/wp-content\/uploads\/2026\/01\/Screenshot_1-1024x336.png\" alt=\"\" class=\"wp-image-59\" srcset=\"https:\/\/ld24.eu\/wp-content\/uploads\/2026\/01\/Screenshot_1-1024x336.png 1024w, https:\/\/ld24.eu\/wp-content\/uploads\/2026\/01\/Screenshot_1-300x99.png 300w, https:\/\/ld24.eu\/wp-content\/uploads\/2026\/01\/Screenshot_1-768x252.png 768w, https:\/\/ld24.eu\/wp-content\/uploads\/2026\/01\/Screenshot_1-1536x505.png 1536w, https:\/\/ld24.eu\/wp-content\/uploads\/2026\/01\/Screenshot_1-2048x673.png 2048w\" sizes=\"auto, (max-width: 1024px) 100vw, 1024px\" \/><\/a><\/figure>\n\n\n\n<p><a href=\"http:\/\/garten.ld24.eu\">Hobby Garten<\/a><\/p>\n\n\n\n<p>Hier dreht sich alles um den Garten.<br>Von Anzucht bis Winterschlaf<\/p>\n\n\n\n<p><\/p>\n<\/div>\n\n\n\n<div class=\"wp-block-column is-layout-flow wp-block-column-is-layout-flow\">\n<figure class=\"wp-block-image size-large\"><a href=\"https:\/\/sondeln.ld24.eu\"><img loading=\"lazy\" decoding=\"async\" width=\"1024\" height=\"301\" src=\"https:\/\/ld24.eu\/wp-content\/uploads\/2026\/01\/Screenshot_2-1024x301.png\" alt=\"\" class=\"wp-image-61\" srcset=\"https:\/\/ld24.eu\/wp-content\/uploads\/2026\/01\/Screenshot_2-1024x301.png 1024w, https:\/\/ld24.eu\/wp-content\/uploads\/2026\/01\/Screenshot_2-300x88.png 300w, https:\/\/ld24.eu\/wp-content\/uploads\/2026\/01\/Screenshot_2-768x226.png 768w, https:\/\/ld24.eu\/wp-content\/uploads\/2026\/01\/Screenshot_2-1536x452.png 1536w, https:\/\/ld24.eu\/wp-content\/uploads\/2026\/01\/Screenshot_2-2048x602.png 2048w\" sizes=\"auto, (max-width: 1024px) 100vw, 1024px\" \/><\/a><\/figure>\n\n\n\n<p><a href=\"http:\/\/sondeln.ld24.eu\">Sondeln24<\/a><\/p>\n\n\n\n<p>Schatzsuche mit dem Metalldetektor. Das spannende und gleichzeitig entspannende Hobby f\u00fcr Gro\u00df und Klein.<\/p>\n\n\n\n<p><\/p>\n<\/div>\n<\/div>\n\n\n\n<p>Datenschutzerkl\u00e4rung und Impressum sind auf der jeweiligen Seite zu finden.<\/p>\n\n\n\n<p><\/p>\n","protected":false},"excerpt":{"rendered":"<p>Die Basis: LD24.EU LD24.EU stellt die Basisdomain f\u00fcr meine Webseiten bereit. Gustify &#8211; Echt kochen. Einfach genie\u00dfen. Rezepte &amp; K\u00fcchenwissenIdeal f\u00fcr Hobbyk\u00f6che\/innen Hobby Garten Hier dreht sich alles um den Garten.Von Anzucht bis Winterschlaf Sondeln24 Schatzsuche mit dem Metalldetektor. Das spannende und gleichzeitig entspannende Hobby f\u00fcr Gro\u00df und Klein. Datenschutzerkl\u00e4rung und Impressum sind auf der&#8230;<\/p>\n","protected":false},"author":1,"featured_media":0,"parent":0,"menu_order":0,"comment_status":"closed","ping_status":"closed","template":"","meta":{"wprm-recipe-roundup-name":"","wprm-recipe-roundup-description":"","_kad_post_transparent":"","_kad_post_title":"","_kad_post_layout":"","_kad_post_sidebar_id":"","_kad_post_content_style":"","_kad_post_vertical_padding":"","_kad_post_feature":"","_kad_post_feature_position":"","_kad_post_header":false,"_kad_post_footer":false,"_kad_post_classname":"","footnotes":""},"class_list":["post-51","page","type-page","status-publish","hentry"],"_links":{"self":[{"href":"https:\/\/ld24.eu\/index.php\/wp-json\/wp\/v2\/pages\/51","targetHints":{"allow":["GET"]}}],"collection":[{"href":"https:\/\/ld24.eu\/index.php\/wp-json\/wp\/v2\/pages"}],"about":[{"href":"https:\/\/ld24.eu\/index.php\/wp-json\/wp\/v2\/types\/page"}],"author":[{"embeddable":true,"href":"https:\/\/ld24.eu\/index.php\/wp-json\/wp\/v2\/users\/1"}],"replies":[{"embeddable":true,"href":"https:\/\/ld24.eu\/index.php\/wp-json\/wp\/v2\/comments?post=51"}],"version-history":[{"count":12,"href":"https:\/\/ld24.eu\/index.php\/wp-json\/wp\/v2\/pages\/51\/revisions"}],"predecessor-version":[{"id":74,"href":"https:\/\/ld24.eu\/index.php\/wp-json\/wp\/v2\/pages\/51\/revisions\/74"}],"wp:attachment":[{"href":"https:\/\/ld24.eu\/index.php\/wp-json\/wp\/v2\/media?parent=51"}],"curies":[{"name":"wp","href":"https:\/\/api.w.org\/{rel}","templated":true}]}}